{"id":7,"date":"2022-09-15T16:02:08","date_gmt":"2022-09-15T19:02:08","guid":{"rendered":"https:\/\/www.ctgbr.com.br\/plataformaesg\/?page_id=7"},"modified":"2023-02-24T10:26:04","modified_gmt":"2023-02-24T13:26:04","slug":"estrategia","status":"publish","type":"page","link":"https:\/\/www.ctgbr.com.br\/plataformaesg\/estrategia\/","title":{"rendered":"Estrat\u00e9gia ESG"},"content":{"rendered":"","protected":false},"excerpt":{"rendered":"","protected":false},"author":1,"featured_media":0,"parent":0,"menu_order":3,"comment_status":"closed","ping_status":"closed","template":"","meta":{"_acf_changed":false,"inline_featured_image":false,"footnotes":""},"class_list":["post-7","page","type-page","status-publish","hentry"],"acf":[],"yoast_head":"<!-- This site is optimized with the Yoast SEO plugin v27.3 - https:\/\/yoast.com\/product\/yoast-seo-wordpress\/ -->\n<title>Estrat\u00e9gia ESG Plataforma ESG<\/title>\n<meta name=\"description\" content=\"A CTG Brasil desenvolveu uma estrat\u00e9gia para ESG alinhada com os Objetivos de Desenvolvimento Sustent\u00e1vel (ODS), propostos pela Organiza\u00e7\u00e3o das Na\u00e7\u00f5es Unidas.\" \/>\n<meta name=\"robots\" content=\"index, follow, max-snippet:-1, max-image-preview:large, max-video-preview:-1\" \/>\n<link rel=\"canonical\" href=\"https:\/\/www.ctgbr.com.br\/plataformaesg\/estrategia\/\" \/>\n<meta property=\"og:locale\" content=\"pt_BR\" \/>\n<meta property=\"og:type\" content=\"article\" \/>\n<meta property=\"og:title\" content=\"Estrat\u00e9gia ESG Plataforma ESG\" \/>\n<meta property=\"og:description\" content=\"A CTG Brasil desenvolveu uma estrat\u00e9gia para ESG alinhada com os Objetivos de Desenvolvimento Sustent\u00e1vel (ODS), propostos pela Organiza\u00e7\u00e3o das Na\u00e7\u00f5es Unidas.\" \/>\n<meta property=\"og:url\" content=\"https:\/\/www.ctgbr.com.br\/plataformaesg\/estrategia\/\" \/>\n<meta property=\"og:site_name\" content=\"Plataforma ESG\" \/>\n<meta property=\"article:modified_time\" content=\"2023-02-24T13:26:04+00:00\" \/>\n<meta name=\"twitter:card\" content=\"summary_large_image\" \/>\n<script type=\"application\/ld+json\" class=\"yoast-schema-graph\">{\"@context\":\"https:\\\/\\\/schema.org\",\"@graph\":[{\"@type\":\"WebPage\",\"@id\":\"https:\\\/\\\/www.ctgbr.com.br\\\/plataformaesg\\\/estrategia\\\/\",\"url\":\"https:\\\/\\\/www.ctgbr.com.br\\\/plataformaesg\\\/estrategia\\\/\",\"name\":\"Estrat\u00e9gia ESG Plataforma ESG\",\"isPartOf\":{\"@id\":\"https:\\\/\\\/www.ctgbr.com.br\\\/plataformaesg\\\/#website\"},\"datePublished\":\"2022-09-15T19:02:08+00:00\",\"dateModified\":\"2023-02-24T13:26:04+00:00\",\"description\":\"A CTG Brasil desenvolveu uma estrat\u00e9gia para ESG alinhada com os Objetivos de Desenvolvimento Sustent\u00e1vel (ODS), propostos pela Organiza\u00e7\u00e3o das Na\u00e7\u00f5es Unidas.\",\"breadcrumb\":{\"@id\":\"https:\\\/\\\/www.ctgbr.com.br\\\/plataformaesg\\\/estrategia\\\/#breadcrumb\"},\"inLanguage\":\"pt-BR\",\"potentialAction\":[{\"@type\":\"ReadAction\",\"target\":[\"https:\\\/\\\/www.ctgbr.com.br\\\/plataformaesg\\\/estrategia\\\/\"]}]},{\"@type\":\"BreadcrumbList\",\"@id\":\"https:\\\/\\\/www.ctgbr.com.br\\\/plataformaesg\\\/estrategia\\\/#breadcrumb\",\"itemListElement\":[{\"@type\":\"ListItem\",\"position\":1,\"name\":\"In\u00edcio\",\"item\":\"https:\\\/\\\/www.ctgbr.com.br\\\/plataformaesg\\\/\"},{\"@type\":\"ListItem\",\"position\":2,\"name\":\"Estrat\u00e9gia ESG\"}]},{\"@type\":\"WebSite\",\"@id\":\"https:\\\/\\\/www.ctgbr.com.br\\\/plataformaesg\\\/#website\",\"url\":\"https:\\\/\\\/www.ctgbr.com.br\\\/plataformaesg\\\/\",\"name\":\"Plataforma ESG\",\"description\":\"\",\"publisher\":{\"@id\":\"https:\\\/\\\/www.ctgbr.com.br\\\/plataformaesg\\\/#organization\"},\"potentialAction\":[{\"@type\":\"SearchAction\",\"target\":{\"@type\":\"EntryPoint\",\"urlTemplate\":\"https:\\\/\\\/www.ctgbr.com.br\\\/plataformaesg\\\/?s={search_term_string}\"},\"query-input\":{\"@type\":\"PropertyValueSpecification\",\"valueRequired\":true,\"valueName\":\"search_term_string\"}}],\"inLanguage\":\"pt-BR\"},{\"@type\":\"Organization\",\"@id\":\"https:\\\/\\\/www.ctgbr.com.br\\\/plataformaesg\\\/#organization\",\"name\":\"Plataforma ESG\",\"url\":\"https:\\\/\\\/www.ctgbr.com.br\\\/plataformaesg\\\/\",\"logo\":{\"@type\":\"ImageObject\",\"inLanguage\":\"pt-BR\",\"@id\":\"https:\\\/\\\/www.ctgbr.com.br\\\/plataformaesg\\\/#\\\/schema\\\/logo\\\/image\\\/\",\"url\":\"https:\\\/\\\/www.ctgbr.com.br\\\/plataformaesg\\\/wp-content\\\/uploads\\\/sites\\\/2\\\/2023\\\/01\\\/logo.png\",\"contentUrl\":\"https:\\\/\\\/www.ctgbr.com.br\\\/plataformaesg\\\/wp-content\\\/uploads\\\/sites\\\/2\\\/2023\\\/01\\\/logo.png\",\"width\":143,\"height\":33,\"caption\":\"Plataforma ESG\"},\"image\":{\"@id\":\"https:\\\/\\\/www.ctgbr.com.br\\\/plataformaesg\\\/#\\\/schema\\\/logo\\\/image\\\/\"}}]}<\/script>\n<!-- \/ Yoast SEO plugin. -->","yoast_head_json":{"title":"Estrat\u00e9gia ESG Plataforma ESG","description":"A CTG Brasil desenvolveu uma estrat\u00e9gia para ESG alinhada com os Objetivos de Desenvolvimento Sustent\u00e1vel (ODS), propostos pela Organiza\u00e7\u00e3o das Na\u00e7\u00f5es Unidas.","robots":{"index":"index","follow":"follow","max-snippet":"max-snippet:-1","max-image-preview":"max-image-preview:large","max-video-preview":"max-video-preview:-1"},"canonical":"https:\/\/www.ctgbr.com.br\/plataformaesg\/estrategia\/","og_locale":"pt_BR","og_type":"article","og_title":"Estrat\u00e9gia ESG Plataforma ESG","og_description":"A CTG Brasil desenvolveu uma estrat\u00e9gia para ESG alinhada com os Objetivos de Desenvolvimento Sustent\u00e1vel (ODS), propostos pela Organiza\u00e7\u00e3o das Na\u00e7\u00f5es Unidas.","og_url":"https:\/\/www.ctgbr.com.br\/plataformaesg\/estrategia\/","og_site_name":"Plataforma ESG","article_modified_time":"2023-02-24T13:26:04+00:00","twitter_card":"summary_large_image","schema":{"@context":"https:\/\/schema.org","@graph":[{"@type":"WebPage","@id":"https:\/\/www.ctgbr.com.br\/plataformaesg\/estrategia\/","url":"https:\/\/www.ctgbr.com.br\/plataformaesg\/estrategia\/","name":"Estrat\u00e9gia ESG Plataforma ESG","isPartOf":{"@id":"https:\/\/www.ctgbr.com.br\/plataformaesg\/#website"},"datePublished":"2022-09-15T19:02:08+00:00","dateModified":"2023-02-24T13:26:04+00:00","description":"A CTG Brasil desenvolveu uma estrat\u00e9gia para ESG alinhada com os Objetivos de Desenvolvimento Sustent\u00e1vel (ODS), propostos pela Organiza\u00e7\u00e3o das Na\u00e7\u00f5es Unidas.","breadcrumb":{"@id":"https:\/\/www.ctgbr.com.br\/plataformaesg\/estrategia\/#breadcrumb"},"inLanguage":"pt-BR","potentialAction":[{"@type":"ReadAction","target":["https:\/\/www.ctgbr.com.br\/plataformaesg\/estrategia\/"]}]},{"@type":"BreadcrumbList","@id":"https:\/\/www.ctgbr.com.br\/plataformaesg\/estrategia\/#breadcrumb","itemListElement":[{"@type":"ListItem","position":1,"name":"In\u00edcio","item":"https:\/\/www.ctgbr.com.br\/plataformaesg\/"},{"@type":"ListItem","position":2,"name":"Estrat\u00e9gia ESG"}]},{"@type":"WebSite","@id":"https:\/\/www.ctgbr.com.br\/plataformaesg\/#website","url":"https:\/\/www.ctgbr.com.br\/plataformaesg\/","name":"Plataforma ESG","description":"","publisher":{"@id":"https:\/\/www.ctgbr.com.br\/plataformaesg\/#organization"},"potentialAction":[{"@type":"SearchAction","target":{"@type":"EntryPoint","urlTemplate":"https:\/\/www.ctgbr.com.br\/plataformaesg\/?s={search_term_string}"},"query-input":{"@type":"PropertyValueSpecification","valueRequired":true,"valueName":"search_term_string"}}],"inLanguage":"pt-BR"},{"@type":"Organization","@id":"https:\/\/www.ctgbr.com.br\/plataformaesg\/#organization","name":"Plataforma ESG","url":"https:\/\/www.ctgbr.com.br\/plataformaesg\/","logo":{"@type":"ImageObject","inLanguage":"pt-BR","@id":"https:\/\/www.ctgbr.com.br\/plataformaesg\/#\/schema\/logo\/image\/","url":"https:\/\/www.ctgbr.com.br\/plataformaesg\/wp-content\/uploads\/sites\/2\/2023\/01\/logo.png","contentUrl":"https:\/\/www.ctgbr.com.br\/plataformaesg\/wp-content\/uploads\/sites\/2\/2023\/01\/logo.png","width":143,"height":33,"caption":"Plataforma ESG"},"image":{"@id":"https:\/\/www.ctgbr.com.br\/plataformaesg\/#\/schema\/logo\/image\/"}}]}},"_links":{"self":[{"href":"https:\/\/www.ctgbr.com.br\/plataformaesg\/wp-json\/wp\/v2\/pages\/7","targetHints":{"allow":["GET"]}}],"collection":[{"href":"https:\/\/www.ctgbr.com.br\/plataformaesg\/wp-json\/wp\/v2\/pages"}],"about":[{"href":"https:\/\/www.ctgbr.com.br\/plataformaesg\/wp-json\/wp\/v2\/types\/page"}],"author":[{"embeddable":true,"href":"https:\/\/www.ctgbr.com.br\/plataformaesg\/wp-json\/wp\/v2\/users\/1"}],"replies":[{"embeddable":true,"href":"https:\/\/www.ctgbr.com.br\/plataformaesg\/wp-json\/wp\/v2\/comments?post=7"}],"version-history":[{"count":25,"href":"https:\/\/www.ctgbr.com.br\/plataformaesg\/wp-json\/wp\/v2\/pages\/7\/revisions"}],"predecessor-version":[{"id":459,"href":"https:\/\/www.ctgbr.com.br\/plataformaesg\/wp-json\/wp\/v2\/pages\/7\/revisions\/459"}],"wp:attachment":[{"href":"https:\/\/www.ctgbr.com.br\/plataformaesg\/wp-json\/wp\/v2\/media?parent=7"}],"curies":[{"name":"wp","href":"https:\/\/api.w.org\/{rel}","templated":true}]}}